{"id":9209,"date":"2023-03-28T15:33:59","date_gmt":"2023-03-28T15:33:59","guid":{"rendered":"https:\/\/evenspirit.com\/konfidencialitates-politika\/"},"modified":"2023-03-28T15:40:45","modified_gmt":"2023-03-28T15:40:45","slug":"privacy-policy-2","status":"publish","type":"page","link":"https:\/\/evenspirit.com\/en\/konfidencialitates-politika\/","title":{"rendered":"Privacy Policy"},"content":{"rendered":"<div data-elementor-type=\"wp-page\" data-elementor-id=\"9209\" class=\"elementor elementor-9209\" data-elementor-post-type=\"page\">\n\t\t\t\t\t\t<section class=\"elementor-section elementor-top-section elementor-element elementor-element-f2cd1ff elementor-section-boxed elementor-section-height-default elementor-section-height-default\" data-id=\"f2cd1ff\" data-element_type=\"section\" data-e-type=\"section\">\n\t\t\t\t\t\t<div class=\"elementor-container elementor-column-gap-default\">\n\t\t\t\t\t<div class=\"elementor-column elementor-col-100 elementor-top-column elementor-element elementor-element-ee29867\" data-id=\"ee29867\" data-element_type=\"column\" data-e-type=\"column\">\n\t\t\t<div class=\"elementor-widget-wrap elementor-element-populated\">\n\t\t\t\t\t\t<div class=\"elementor-element elementor-element-80d3960 elementor-widget elementor-widget-heading\" data-id=\"80d3960\" data-element_type=\"widget\" data-e-type=\"widget\" data-widget_type=\"heading.default\">\n\t\t\t\t<div class=\"elementor-widget-container\">\n\t\t\t\t\t<h2 class=\"elementor-heading-title elementor-size-default\">Feminine Empire privacy policy<\/h2>\t\t\t\t<\/div>\n\t\t\t\t<\/div>\n\t\t\t\t<div class=\"elementor-element elementor-element-5820efa elementor-widget-divider--view-line elementor-widget elementor-widget-divider\" data-id=\"5820efa\" data-element_type=\"widget\" data-e-type=\"widget\" data-widget_type=\"divider.default\">\n\t\t\t\t<div class=\"elementor-widget-container\">\n\t\t\t\t\t\t\t<div class=\"elementor-divider\">\n\t\t\t<span class=\"elementor-divider-separator\">\n\t\t\t\t\t\t<\/span>\n\t\t<\/div>\n\t\t\t\t\t\t<\/div>\n\t\t\t\t<\/div>\n\t\t\t\t<section class=\"elementor-section elementor-inner-section elementor-element elementor-element-e44fd35 elementor-section-boxed elementor-section-height-default elementor-section-height-default\" data-id=\"e44fd35\" data-element_type=\"section\" data-e-type=\"section\">\n\t\t\t\t\t\t<div class=\"elementor-container elementor-column-gap-default\">\n\t\t\t\t\t<div class=\"elementor-column elementor-col-100 elementor-inner-column elementor-element elementor-element-d65f0b1\" data-id=\"d65f0b1\" data-element_type=\"column\" data-e-type=\"column\">\n\t\t\t<div class=\"elementor-widget-wrap elementor-element-populated\">\n\t\t\t\t\t\t<div class=\"elementor-element elementor-element-1748082 elementor-widget elementor-widget-text-editor\" data-id=\"1748082\" data-element_type=\"widget\" data-e-type=\"widget\" data-widget_type=\"text-editor.default\">\n\t\t\t\t<div class=\"elementor-widget-container\">\n\t\t\t\t\t\t\t\t\tAt Evefeminineempire, accessible from evefeminineempire.com, one of our main priorities is the privacy of our visitors. This Privacy Policy document outlines the types of information that is collected and recorded by evefeminineempire and how we use it. If you have any further questions or require further information about our privacy policy, please contact us. This Privacy Policy applies only to our online activities and is valid for visitors to our website with respect to the information they share and\/or that evefeminineempire collects. This policy does not apply to information collected offline or through channels other than this website.<br><br>\n<h3>Consent<\/h3>\nBy using our website, you agree to our privacy policy and agree to its terms.  <br><br>\n<h3>Information we collect<\/h3>\nThe personal information you are asked to provide and the reasons why you are asked to provide it will be explained to you at the time we ask you to provide your personal information. If you contact us directly, we may receive additional information about you, such as your name, email address, phone number, the content of the message and\/or attachments you may send us, and other information you may choose to provide. When you register for an account, we may request your contact information, including, for example, your name, company name, address, email address, and phone number.<br><br>\n<h3>How we use your information<\/h3>\nWe use the information we collect in a variety of ways, including to:\n<ul>\n \t<li>To provide, maintain and maintain our website.<\/li>\n \t<li>Improve, personalize and expand our website.<\/li>\n \t<li>Understand and analyze how you use our website.<\/li>\n \t<li>Development of new products, services, features and functionality.<\/li>\n \t<li>to contact you directly or through our partners, including for customer service purposes, to provide you with updates and other information related to the website, and for marketing and promotional purposes.<\/li>\n \t<li>Send you emails<\/li>\n \t<li>Fraud detection and prevention<\/li>\n<\/ul><br>\n<h3>Log files<\/h3>\nevefeminineempire follows a standard procedure of using log files. These files record visitors when they visit websites. All hosting companies do this and it is part of the analytics of hosting services. The information collected in log files includes Internet Protocol (IP) addresses, browser type, Internet Service Provider (ISP), date and time stamp, referring\/exit pages and possibly the number of clicks. It is not linked to information that identifies an individual. The purpose of the information is to analyze trends, administer the website, track user movement on the website and gather demographic information.  <br><br>\n<h3>Cookies and web beacons<\/h3>\nLike any other website, evefeminineempire also uses cookies. These cookies are used to store information, including visitors&#039; preferences and the pages of the site that the visitor accesses or visits. This information is used to optimize the user experience by customizing our website content based on visitors&#039; browser type and\/or other information.<br><br>\n<h3>Advertising partners Privacy policy<\/h3>\nThis list contains the privacy policy of each of evefeminineempire&#039;s advertising partners. Third-party ad servers or ad networks use technologies like cookies, JavaScript, or web beacons that are used in their respective advertisements and links that appear on evefeminineempire, which are sent directly to your browser. When this happens, they automatically receive your IP address. These technologies are used to measure the effectiveness of their advertising campaigns and\/or to personalize the advertising content you see on the websites you visit. Note that evefeminineempire has no access to or control over these cookies that are used by third-party advertisers.<br><br>\n<h3>Third-party privacy policies<\/h3>\nevefeminineempire&#039;s privacy policy does not apply to other advertisers or websites. Therefore, we recommend that you review the respective privacy policies of these third-party ad servers for more information. They may include their practices and instructions on how to opt out of certain options. You can disable cookies through your individual browser options. For more information about managing cookies with specific web browsers, please visit the respective browser websites.<br><br>\n<h3>CCPA Privacy Rights (Do Not Sell My Personal Information)<\/h3>\nUnder the CCPA, California consumers have the right, in addition to other rights, to: request that a business that collects consumer personal data disclose what categories and specific types of personal data the business has collected about the consumer. request that the business delete all personal data about the consumer that the business has collected. request that a business that sells consumer personal data not sell the consumer personal data. If you submit a request, we have one month to respond to you. If you would like to exercise any of these rights, please contact us.<br><br>\n<h3>GDPR data protection rights<\/h3>\nWe want to make sure you are fully aware of all your data protection rights. Every user has the right to: Right of access \u2013 you have the right to request a copy of your personal data. We may charge a small fee for this service. Right to rectification \u2013 you have the right to request that we correct any information that you believe is inaccurate. You also have the right to request that we complete information that you believe is incomplete. Right to erasure \u2013 you have the right to request that we delete your personal data, if certain conditions are met. Right to restriction of processing \u2013 you have the right to request that we restrict the processing of your personal data, if certain conditions are met. Right to object to processing \u2013 you have the right to object to the processing of your personal data in certain circumstances. Right to data portability \u2013 you have the right to request that we transmit the data we have collected to another organisation or directly to you in certain circumstances. If you submit a request, we have one month to respond to you. If you would like to exercise any of these rights, please contact us.<br><br>\n<h3>Children&#039;s information<\/h3>\nAnother of our priorities is the protection of children using the Internet. We encourage parents and guardians to observe, participate in and\/or monitor and guide their online activities. evefeminineempire does not knowingly collect any personal information from children under the age of 13. If you believe that your child has provided this type of information on our website, please contact us immediately and we will do our best to promptly delete such information from our records.  <br><br>\n<h3>Changes to this Privacy Policy<\/h3>\nWe may update our Privacy Policy from time to time. Therefore, we recommend that you periodically review this page to be aware of any changes. We will notify you of any changes by posting the new Privacy Policy on this page. These changes will be effective immediately upon posting on this page.  <br><br>\n\n<h3>Contact us<\/h3>\nIf you have any questions or suggestions about our privacy policy, please contact us.\t\t\t\t\t\t\t\t<\/div>\n\t\t\t\t<\/div>\n\t\t\t\t\t<\/div>\n\t\t<\/div>\n\t\t\t\t\t<\/div>\n\t\t<\/section>\n\t\t\t\t\t<\/div>\n\t\t<\/div>\n\t\t\t\t\t<\/div>\n\t\t<\/section>\n\t\t\t\t<\/div>","protected":false},"excerpt":{"rendered":"<p>Feminine Empire priv\u0101tuma politika Evefeminineempire vietn\u0113, kas pieejama no evefeminineempire.com, viena no m\u016bsu galvenaj\u0101m priorit\u0101t\u0113m ir apmekl\u0113t\u0101ju priv\u0101tums. \u0160aj\u0101 konfidencialit\u0101tes politikas dokument\u0101 ir nor\u0101d\u012bti inform\u0101cijas veidi, ko v\u0101c un re\u0123istr\u0113 evefeminineempire, un k\u0101 m\u0113s to izmantojam. Ja jums ir papildu jaut\u0101jumi vai nepiecie\u0161ama papildu inform\u0101cija par m\u016bsu konfidencialit\u0101tes politiku, sazinieties ar mums. \u0160\u012b konfidencialit\u0101tes politika [&hellip;]<\/p>\n","protected":false},"author":1,"featured_media":0,"parent":0,"menu_order":0,"comment_status":"closed","ping_status":"closed","template":"","meta":{"_acf_changed":false,"footnotes":""},"class_list":["post-9209","page","type-page","status-publish","hentry"],"acf":[],"_links":{"self":[{"href":"https:\/\/evenspirit.com\/en\/wp-json\/wp\/v2\/pages\/9209","targetHints":{"allow":["GET"]}}],"collection":[{"href":"https:\/\/evenspirit.com\/en\/wp-json\/wp\/v2\/pages"}],"about":[{"href":"https:\/\/evenspirit.com\/en\/wp-json\/wp\/v2\/types\/page"}],"author":[{"embeddable":true,"href":"https:\/\/evenspirit.com\/en\/wp-json\/wp\/v2\/users\/1"}],"replies":[{"embeddable":true,"href":"https:\/\/evenspirit.com\/en\/wp-json\/wp\/v2\/comments?post=9209"}],"version-history":[{"count":0,"href":"https:\/\/evenspirit.com\/en\/wp-json\/wp\/v2\/pages\/9209\/revisions"}],"wp:attachment":[{"href":"https:\/\/evenspirit.com\/en\/wp-json\/wp\/v2\/media?parent=9209"}],"curies":[{"name":"wp","href":"https:\/\/api.w.org\/{rel}","templated":true}]}}