{"id":8206,"date":"2023-03-21T09:09:10","date_gmt":"2023-03-21T08:09:10","guid":{"rendered":"https:\/\/evenspirit.com\/mans-konts\/"},"modified":"2025-03-16T08:53:50","modified_gmt":"2025-03-16T07:53:50","slug":"my-account","status":"publish","type":"page","link":"https:\/\/evenspirit.com\/en\/mans-konts\/","title":{"rendered":"My account"},"content":{"rendered":"<div data-elementor-type=\"wp-page\" data-elementor-id=\"8206\" class=\"elementor elementor-8206\" data-elementor-post-type=\"page\">\n\t\t\t\t<div class=\"elementor-element elementor-element-d2861e5 e-flex e-con-boxed e-con e-parent\" data-id=\"d2861e5\" data-element_type=\"container\" data-e-type=\"container\">\n\t\t\t\t\t<div class=\"e-con-inner\">\n\t\t\t\t<div class=\"elementor-element elementor-element-76d8690 elementor-widget elementor-widget-heading\" data-id=\"76d8690\" data-element_type=\"widget\" data-e-type=\"widget\" data-widget_type=\"heading.default\">\n\t\t\t\t<div class=\"elementor-widget-container\">\n\t\t\t\t\t<h1 class=\"elementor-heading-title elementor-size-default\">My account<\/h1>\t\t\t\t<\/div>\n\t\t\t\t<\/div>\n\t\t\t\t<div class=\"elementor-element elementor-element-ef90f1a account-woo e-my-account-tabs-vertical elementor-widget elementor-widget-woocommerce-my-account\" data-id=\"ef90f1a\" data-element_type=\"widget\" data-e-type=\"widget\" data-widget_type=\"woocommerce-my-account.default\">\n\t\t\t\t<div class=\"elementor-widget-container\">\n\t\t\t\t\t<div class=\"e-my-account-tab e-my-account-tab__\">\t\t\t<div class=\"woocommerce\"><\/div>\t\t<\/div>\n\t\t\t\t\t\t<\/div>\n\t\t\t\t<\/div>\n\t\t\t\t\t<\/div>\n\t\t\t\t<\/div>\n\t\t\t\t<\/div>","protected":false},"excerpt":{"rendered":"<p>Mans konts Panelis Pas\u016bt\u012bjumi Lejupiel\u0101des Adreses Apmaksas veidi Konta inform\u0101cija Izrakst\u012bties Sveiki Pudans (neesat Pudans? Iziet) No sava konta pane\u013ca j\u016bs varat apskat\u012bt savus p\u0113d\u0113jos pas\u016bt\u012bjumus, p\u0101rvald\u012bt savas nos\u016bt\u012b\u0161anas un nor\u0113\u0137inu adreses un redi\u0123\u0113t savu paroli un konta inform\u0101ciju.<\/p>","protected":false},"author":1,"featured_media":0,"parent":0,"menu_order":0,"comment_status":"closed","ping_status":"closed","template":"","meta":{"_acf_changed":false,"footnotes":""},"class_list":["post-8206","page","type-page","status-publish","hentry"],"acf":[],"_links":{"self":[{"href":"https:\/\/evenspirit.com\/en\/wp-json\/wp\/v2\/pages\/8206","targetHints":{"allow":["GET"]}}],"collection":[{"href":"https:\/\/evenspirit.com\/en\/wp-json\/wp\/v2\/pages"}],"about":[{"href":"https:\/\/evenspirit.com\/en\/wp-json\/wp\/v2\/types\/page"}],"author":[{"embeddable":true,"href":"https:\/\/evenspirit.com\/en\/wp-json\/wp\/v2\/users\/1"}],"replies":[{"embeddable":true,"href":"https:\/\/evenspirit.com\/en\/wp-json\/wp\/v2\/comments?post=8206"}],"version-history":[{"count":0,"href":"https:\/\/evenspirit.com\/en\/wp-json\/wp\/v2\/pages\/8206\/revisions"}],"wp:attachment":[{"href":"https:\/\/evenspirit.com\/en\/wp-json\/wp\/v2\/media?parent=8206"}],"curies":[{"name":"wp","href":"https:\/\/api.w.org\/{rel}","templated":true}]}}