{"id":58813,"date":"2025-04-23T13:04:37","date_gmt":"2025-04-23T12:04:37","guid":{"rendered":"https:\/\/evenspirit.com\/?page_id=58813"},"modified":"2026-01-04T11:10:50","modified_gmt":"2026-01-04T10:10:50","slug":"technical-support","status":"publish","type":"page","link":"https:\/\/evenspirit.com\/en\/tehniskais-atbalsts\/","title":{"rendered":"Technical support"},"content":{"rendered":"\t\t<div data-elementor-type=\"wp-page\" data-elementor-id=\"58813\" class=\"elementor elementor-58813\" data-elementor-post-type=\"page\">\n\t\t\t\t<div class=\"elementor-element elementor-element-20fc8eb e-flex e-con-boxed e-con e-parent\" data-id=\"20fc8eb\" data-element_type=\"container\" data-e-type=\"container\">\n\t\t\t\t\t<div class=\"e-con-inner\">\n\t\t\t\t<div class=\"elementor-element elementor-element-9aadc4b elementor-widget elementor-widget-text-editor\" data-id=\"9aadc4b\" data-element_type=\"widget\" data-e-type=\"widget\" data-widget_type=\"text-editor.default\">\n\t\t\t\t<div class=\"elementor-widget-container\">\n\t\t\t\t\t\t\t\t\t<p>M\u012b\u013c\u0101, ja esi sask\u0101rusies ar k\u0101du tehnisku \u0137ibeli k\u0101 piem\u0113ram, probl\u0113mu ieg\u0101d\u0101ties kursu, kurss nav pieejams p\u0113c ieg\u0101des u.c, l\u016bdzu aizpildi \u0161o formu un mans kol\u0113\u0123is Tev pal\u012bdz\u0113s to atrisin\u0101t.<\/p>\t\t\t\t\t\t\t\t<\/div>\n\t\t\t\t<\/div>\n\t\t\t\t<div class=\"elementor-element elementor-element-c257ed2 elementor-widget elementor-widget-text-editor\" data-id=\"c257ed2\" data-element_type=\"widget\" data-e-type=\"widget\" data-widget_type=\"text-editor.default\">\n\t\t\t\t<div class=\"elementor-widget-container\">\n\t\t\t\t\t\t\t\t\t<p>M\u012b\u013c\u0101, ja esi sask\u0101rusies ar k\u0101du tehnisku \u0137ibeli k\u0101 piem\u0113ram, probl\u0113mu ieg\u0101d\u0101ties kursu, kurss nav pieejams p\u0113c ieg\u0101des u.c, l\u016bdzu aizpildi formu vai raksti man uz <strong><a href=\"mailto:info@evenspirit.com\">info@evenspirit.com<\/a><\/strong> un cent\u012bsimies atrisin\u0101t.<\/p>\t\t\t\t\t\t\t\t<\/div>\n\t\t\t\t<\/div>\n\t\t\t\t<div class=\"elementor-element elementor-element-5d56cf4 elementor-widget__width-initial elementor-button-align-stretch elementor-widget elementor-widget-form\" data-id=\"5d56cf4\" data-element_type=\"widget\" data-e-type=\"widget\" data-settings=\"{&quot;button_width&quot;:&quot;80&quot;,&quot;step_next_label&quot;:&quot;Next&quot;,&quot;step_previous_label&quot;:&quot;Previous&quot;,&quot;step_type&quot;:&quot;number_text&quot;,&quot;step_icon_shape&quot;:&quot;circle&quot;}\" data-widget_type=\"form.default\">\n\t\t\t\t<div class=\"elementor-widget-container\">\n\t\t\t\t\t\t\t<form class=\"elementor-form\" method=\"post\" name=\"Tehniskais atbalsts\" aria-label=\"Tehniskais atbalsts\">\n\t\t\t<input type=\"hidden\" name=\"post_id\" value=\"58813\"\/>\n\t\t\t<input type=\"hidden\" name=\"form_id\" value=\"5d56cf4\"\/>\n\t\t\t<input type=\"hidden\" name=\"referer_title\" value=\"Tehniskais atbalsts | Eve n&#039; Spirit\" \/>\n\n\t\t\t\t\t\t\t<input type=\"hidden\" name=\"queried_id\" value=\"58813\"\/>\n\t\t\t\n\t\t\t<div class=\"elementor-form-fields-wrapper elementor-labels-above\">\n\t\t\t\t\t\t\t\t<div class=\"elementor-field-type-text elementor-field-group elementor-column elementor-field-group-name elementor-col-40 elementor-field-required elementor-mark-required\">\n\t\t\t\t\t\t\t\t\t\t\t\t<label for=\"form-field-name\" class=\"elementor-field-label\">\n\t\t\t\t\t\t\t\tV\u0101rds\t\t\t\t\t\t\t<\/label>\n\t\t\t\t\t\t\t\t\t\t\t\t\t\t<input size=\"1\" type=\"text\" name=\"form_fields[name]\" id=\"form-field-name\" class=\"elementor-field elementor-size-sm  elementor-field-textual\" placeholder=\"V\u0101rds\" required=\"required\">\n\t\t\t\t\t\t\t\t\t\t\t<\/div>\n\t\t\t\t\t\t\t\t<div class=\"elementor-field-type-email elementor-field-group elementor-column elementor-field-group-email elementor-col-40 elementor-field-required elementor-mark-required\">\n\t\t\t\t\t\t\t\t\t\t\t\t<label for=\"form-field-email\" class=\"elementor-field-label\">\n\t\t\t\t\t\t\t\tE-pasts\t\t\t\t\t\t\t<\/label>\n\t\t\t\t\t\t\t\t\t\t\t\t\t\t<input size=\"1\" type=\"email\" name=\"form_fields[email]\" id=\"form-field-email\" class=\"elementor-field elementor-size-sm  elementor-field-textual\" placeholder=\"E-pasts\" required=\"required\">\n\t\t\t\t\t\t\t\t\t\t\t<\/div>\n\t\t\t\t\t\t\t\t<div class=\"elementor-field-type-textarea elementor-field-group elementor-column elementor-field-group-message elementor-col-80 elementor-field-required elementor-mark-required\">\n\t\t\t\t\t\t\t\t\t\t\t\t<label for=\"form-field-message\" class=\"elementor-field-label\">\n\t\t\t\t\t\t\t\tProbl\u0113mas apraksts\t\t\t\t\t\t\t<\/label>\n\t\t\t\t\t\t<textarea class=\"elementor-field-textual elementor-field  elementor-size-sm\" name=\"form_fields[message]\" id=\"form-field-message\" rows=\"4\" placeholder=\"L\u016bdzu apraksti probl\u0113mu ar kuru saskaries.\" required=\"required\"><\/textarea>\t\t\t\t<\/div>\n\t\t\t\t\t\t\t\t<div class=\"elementor-field-type-upload elementor-field-group elementor-column elementor-field-group-field_3227b60 elementor-col-80\">\n\t\t\t\t\t\t\t\t\t\t\t\t<label for=\"form-field-field_3227b60\" class=\"elementor-field-label\">\n\t\t\t\t\t\t\t\tJa nepiecie\u0161ams, pievieno att\u0113lu, lai lab\u0101k saprastu probl\u0113mu (at\u013cautie form\u0101ti - jpg, png, heic, pdf)\t\t\t\t\t\t\t<\/label>\n\t\t\t\t\t\t\t\t<input type=\"file\" name=\"form_fields[field_3227b60][]\" id=\"form-field-field_3227b60\" class=\"elementor-field elementor-size-sm  elementor-upload-field\" multiple=\"multiple\" data-maxsize=\"4\" data-maxsize-message=\"This file exceeds the maximum allowed size.\">\n\n\t\t\t\t\t\t<\/div>\n\t\t\t\t\t\t\t\t<div class=\"elementor-field-type-text\">\n\t\t\t\t\t<input size=\"1\" type=\"text\" name=\"form_fields[field_79cdc8f]\" id=\"form-field-field_79cdc8f\" class=\"elementor-field elementor-size-sm \" style=\"display:none !important;\">\t\t\t\t<\/div>\n\t\t\t\t\t\t\t\t<div class=\"elementor-field-type-acceptance elementor-field-group elementor-column elementor-field-group-field_34b4d3c elementor-col-100 elementor-field-required elementor-mark-required\">\n\t\t\t\t\t\t\t\t\t\t\t\t<label for=\"form-field-field_34b4d3c\" class=\"elementor-field-label\">\n\t\t\t\t\t\t\t\tGDPR\t\t\t\t\t\t\t<\/label>\n\t\t\t\t\t\t\t\t<div class=\"elementor-field-subgroup\">\n\t\t\t<span class=\"elementor-field-option\">\n\t\t\t\t<input type=\"checkbox\" name=\"form_fields[field_34b4d3c]\" id=\"form-field-field_34b4d3c\" class=\"elementor-field elementor-size-sm  elementor-acceptance-field\" required=\"required\">\n\t\t\t\t<label for=\"form-field-field_34b4d3c\">Esmu izlas\u012bjis un piekr\u012btu vietnes <a href=\"\/konfidencialitates-politika\/\">priv\u0101tuma politikai<\/a><\/label>\t\t\t<\/span>\n\t\t<\/div>\n\t\t\t\t\t\t<\/div>\n\t\t\t\t\t\t\t\t<div class=\"elementor-field-group elementor-column elementor-field-type-submit elementor-col-80 e-form__buttons\">\n\t\t\t\t\t<button class=\"elementor-button elementor-size-sm\" type=\"submit\">\n\t\t\t\t\t\t<span class=\"elementor-button-content-wrapper\">\n\t\t\t\t\t\t\t\t\t\t\t\t\t\t\t\t\t\t\t\t\t\t<span class=\"elementor-button-text\">S\u016bt\u012bt<\/span>\n\t\t\t\t\t\t\t\t\t\t\t\t\t<\/span>\n\t\t\t\t\t<\/button>\n\t\t\t\t<\/div>\n\t\t\t<\/div>\n\t\t<\/form>\n\t\t\t\t\t\t<\/div>\n\t\t\t\t<\/div>\n\t\t\t\t\t<\/div>\n\t\t\t\t<\/div>\n\t\t\t\t<\/div>\n\t\t","protected":false},"excerpt":{"rendered":"<p>M\u012b\u013c\u0101, ja esi sask\u0101rusies ar k\u0101du tehnisku \u0137ibeli k\u0101 piem\u0113ram, probl\u0113mu ieg\u0101d\u0101ties kursu, kurss nav pieejams p\u0113c ieg\u0101des u.c, l\u016bdzu aizpildi \u0161o formu un mans kol\u0113\u0123is Tev pal\u012bdz\u0113s to atrisin\u0101t. M\u012b\u013c\u0101, ja esi sask\u0101rusies ar k\u0101du tehnisku \u0137ibeli k\u0101 piem\u0113ram, probl\u0113mu ieg\u0101d\u0101ties kursu, kurss nav pieejams p\u0113c ieg\u0101des u.c, l\u016bdzu aizpildi formu vai raksti man [&hellip;]<\/p>\n","protected":false},"author":623,"featured_media":0,"parent":0,"menu_order":0,"comment_status":"closed","ping_status":"closed","template":"","meta":{"_acf_changed":false,"footnotes":""},"class_list":["post-58813","page","type-page","status-publish","hentry"],"acf":[],"_links":{"self":[{"href":"https:\/\/evenspirit.com\/en\/wp-json\/wp\/v2\/pages\/58813","targetHints":{"allow":["GET"]}}],"collection":[{"href":"https:\/\/evenspirit.com\/en\/wp-json\/wp\/v2\/pages"}],"about":[{"href":"https:\/\/evenspirit.com\/en\/wp-json\/wp\/v2\/types\/page"}],"author":[{"embeddable":true,"href":"https:\/\/evenspirit.com\/en\/wp-json\/wp\/v2\/users\/623"}],"replies":[{"embeddable":true,"href":"https:\/\/evenspirit.com\/en\/wp-json\/wp\/v2\/comments?post=58813"}],"version-history":[{"count":0,"href":"https:\/\/evenspirit.com\/en\/wp-json\/wp\/v2\/pages\/58813\/revisions"}],"wp:attachment":[{"href":"https:\/\/evenspirit.com\/en\/wp-json\/wp\/v2\/media?parent=58813"}],"curies":[{"name":"wp","href":"https:\/\/api.w.org\/{rel}","templated":true}]}}